{"id":75,"date":"2022-01-23T10:39:23","date_gmt":"2022-01-23T10:39:23","guid":{"rendered":"https:\/\/angelverein-liedolsheim.de\/?page_id=75"},"modified":"2022-02-10T21:10:55","modified_gmt":"2022-02-10T21:10:55","slug":"verein","status":"publish","type":"page","link":"https:\/\/angelverein-liedolsheim.de\/?page_id=75","title":{"rendered":"Verein"},"content":{"rendered":"<h1>Verein<\/h1>\n<p>Wir sind ein kleiner Verein, wo jeder Jeden kennt. Darunter passive wie aktive Angler. Die Atmosph\u00e4re ist sehr entspannt und zu den Veranstaltungen finden sich immer wieder ein ganze Menge begeisterter Vereinstreue ein, die sich mit Flei\u00df und Schwei\u00df einbringen. Diese Loyalit\u00e4t kommt nicht von ungef\u00e4hr. Ein echter Zusammenhalt eben, der durch das gemeinsame Hobby nur verst\u00e4rkt wird.<\/p>\n<p>&nbsp;<\/p>\n<h4>Mitglied werden?<\/h4>\n<p>Dies geht sehr unb\u00fcrokratisch. Einfach anrufen oder per Kontaktdaten eine E-Mail senden. Sie erhalten schnellst m\u00f6glich Antwort.<\/p>\n<p>&nbsp;<\/p>\n<p><strong>Daten Stand Dezember 2018<\/strong><\/p>\n<p>Erwachsene ab dem 18. Lebensjahr &#8211; \u00a069.Lebensjahr<\/p>\n<ul>\n<li>Jahresbeitrag 70\u20ac (ab dem 70.Lebensjahr 50\u20ac)<\/li>\n<li>einmalige Aufnahmegeb\u00fchr 100\u20ac (ab dem 70.Lebensjahr 50\u20ac)<\/li>\n<li>Jahresbeitrag Bootsplatz 15\u20ac<\/li>\n<li>Einbringen von nur muskelkraftbetrieben Wasserfahrzeugen zum Fischfang 20\u20ac (mobiler Bootsvertrag)<\/li>\n<li>zu leistende Arbeitstunden 10x. Bei Nichtteilnahme werden die Stunden mit 10\u20ac\/h am Jahresende ihrem Konto belastet.\u00a0Jedes aktive Mitglied ist verpflichtet im Kalenderjahr Arbeitsstunden zur Unterhaltung und Pflege der Vereinsgew\u00e4sser oder Instandsetzungsarbeiten am Vereinseigentum abzuleisten oder ersatzweise f\u00fcr nicht geleistete Arbeitsstunden den festgesetzten Betrag zu zahlen, sofern sie nicht von der Vorstandschaft per Beschluss davon befreit wurden.<\/li>\n<li>passive Mitglieder werden mit 15\u20ac Jahresbeitrag belastet und sind von den Arbeitstunden befreit. Bei k\u00f6rperlicher Fitness kann nat\u00fcrlich trotzdem geholfen werden.<\/li>\n<\/ul>\n<p>Jugendliche unter dem 18. Lebensjahr<\/p>\n<ul>\n<li>Jahresbeitrag 20\u20ac.<\/li>\n<\/ul>\n<p>&nbsp;<\/p>\n<p>Einen Antrag steht im Downloadbereich zur Verf\u00fcgung<\/p>\n<p>&nbsp;<\/p>\n<p>&nbsp;<\/p>\n<p>Wir freuen uns \u00fcbter alle helfenden H\u00e4nde bei unseren zahlreichen Vereinsevents.<\/p>\n","protected":false},"excerpt":{"rendered":"<p>Verein Wir sind ein kleiner Verein, wo jeder Jeden kennt. Darunter passive wie aktive Angler. Die Atmosph\u00e4re ist sehr entspannt und zu den Veranstaltungen finden sich immer wieder ein ganze Menge begeisterter Vereinstreue ein, die sich mit Flei\u00df und Schwei\u00df einbringen. Diese Loyalit\u00e4t kommt nicht von ungef\u00e4hr. Ein echter Zusammenhalt eben, der durch das gemeinsame [&hellip;]<\/p>\n","protected":false},"author":1,"featured_media":0,"parent":0,"menu_order":2,"comment_status":"closed","ping_status":"closed","template":"elementor_theme","meta":{"site-sidebar-layout":"left-sidebar","site-content-layout":"boxed-container","ast-site-content-layout":"default","site-content-style":"default","site-sidebar-style":"default","ast-global-header-display":"","ast-banner-title-visibility":"","ast-main-header-display":"","ast-hfb-above-header-display":"","ast-hfb-below-header-display":"","ast-hfb-mobile-header-display":"","site-post-title":"disabled","ast-breadcrumbs-content":"","ast-featured-img":"disabled","footer-sml-layout":"","ast-disable-related-posts":"","theme-transparent-header-meta":"","adv-header-id-meta":null,"stick-header-meta":null,"header-above-stick-meta":null,"header-main-stick-meta":null,"header-below-stick-meta":null,"astra-migrate-meta-layouts":"default","ast-page-background-enabled":"default","ast-page-background-meta":{"desktop":{"background-color":"var(--ast-global-color-4)","background-image":"","background-repeat":"repeat","background-position":"center center","background-size":"auto","background-attachment":"scroll","background-type":"","background-media":"","overlay-type":"","overlay-color":"","overlay-opacity":"","overlay-gradient":""},"tablet":{"background-color":"","background-image":"","background-repeat":"repeat","background-position":"center center","background-size":"auto","background-attachment":"scroll","background-type":"","background-media":"","overlay-type":"","overlay-color":"","overlay-opacity":"","overlay-gradient":""},"mobile":{"background-color":"","background-image":"","background-repeat":"repeat","background-position":"center center","background-size":"auto","background-attachment":"scroll","background-type":"","background-media":"","overlay-type":"","overlay-color":"","overlay-opacity":"","overlay-gradient":""}},"ast-content-background-meta":{"desktop":{"background-color":"var(--ast-global-color-5)","background-image":"","background-repeat":"repeat","background-position":"center center","background-size":"auto","background-attachment":"scroll","background-type":"","background-media":"","overlay-type":"","overlay-color":"","overlay-opacity":"","overlay-gradient":""},"tablet":{"background-color":"var(--ast-global-color-5)","background-image":"","background-repeat":"repeat","background-position":"center center","background-size":"auto","background-attachment":"scroll","background-type":"","background-media":"","overlay-type":"","overlay-color":"","overlay-opacity":"","overlay-gradient":""},"mobile":{"background-color":"var(--ast-global-color-5)","background-image":"","background-repeat":"repeat","background-position":"center center","background-size":"auto","background-attachment":"scroll","background-type":"","background-media":"","overlay-type":"","overlay-color":"","overlay-opacity":"","overlay-gradient":""}},"footnotes":""},"class_list":["post-75","page","type-page","status-publish","hentry"],"_links":{"self":[{"href":"https:\/\/angelverein-liedolsheim.de\/index.php?rest_route=\/wp\/v2\/pages\/75","targetHints":{"allow":["GET"]}}],"collection":[{"href":"https:\/\/angelverein-liedolsheim.de\/index.php?rest_route=\/wp\/v2\/pages"}],"about":[{"href":"https:\/\/angelverein-liedolsheim.de\/index.php?rest_route=\/wp\/v2\/types\/page"}],"author":[{"embeddable":true,"href":"https:\/\/angelverein-liedolsheim.de\/index.php?rest_route=\/wp\/v2\/users\/1"}],"replies":[{"embeddable":true,"href":"https:\/\/angelverein-liedolsheim.de\/index.php?rest_route=%2Fwp%2Fv2%2Fcomments&post=75"}],"version-history":[{"count":2,"href":"https:\/\/angelverein-liedolsheim.de\/index.php?rest_route=\/wp\/v2\/pages\/75\/revisions"}],"predecessor-version":[{"id":1745,"href":"https:\/\/angelverein-liedolsheim.de\/index.php?rest_route=\/wp\/v2\/pages\/75\/revisions\/1745"}],"wp:attachment":[{"href":"https:\/\/angelverein-liedolsheim.de\/index.php?rest_route=%2Fwp%2Fv2%2Fmedia&parent=75"}],"curies":[{"name":"wp","href":"https:\/\/api.w.org\/{rel}","templated":true}]}}