{"id":77,"date":"2022-01-23T10:39:58","date_gmt":"2022-01-23T10:39:58","guid":{"rendered":"https:\/\/angelverein-liedolsheim.de\/?page_id=77"},"modified":"2024-11-17T09:59:28","modified_gmt":"2024-11-17T08:59:28","slug":"jugendabteilung","status":"publish","type":"page","link":"https:\/\/angelverein-liedolsheim.de\/?page_id=77","title":{"rendered":"Jugendabteilung"},"content":{"rendered":"<h1>Jugendabteilung<\/h1>\n<h4>unsere Jugendwarte<\/h4>\n<p><strong>Norbert Kormanjos, Istvan Horvat<\/strong><strong><br \/>\n<\/strong><\/p>\n<p>&nbsp;<\/p>\n<h6>Jugendarbeit im Verein<\/h6>\n<p>Unsere Jugendwarte bieten unseren jungen Vereinsmitgliedern eine abwechslungsreiche M\u00f6glichkeit, unserem Hobby nachzukommen. Feederangeln, Spinnfischen, Theorieveranstaltungen und viel viel Praxis. Hier sind wir aber immer gl\u00fccklich dar\u00fcber, wenn sich die Eltern an den Events beteiligen. Das f\u00f6rdert den Zusammenhalt, das Verst\u00e4ndnis und bringt auch den Eltern unser Hobby n\u00e4her. Der Verein ist in der gl\u00fccklichen Lage, durch Spenden der Mitglieder, den Jugendlichen, wenn noch kein eigenes vorhanden ist, Ger\u00e4tschaften und K\u00f6der zu Verf\u00fcgung zu stellen.<\/p>\n","protected":false},"excerpt":{"rendered":"<p>Jugendabteilung unsere Jugendwarte Norbert Kormanjos, Istvan Horvat &nbsp; Jugendarbeit im Verein Unsere Jugendwarte bieten unseren jungen Vereinsmitgliedern eine abwechslungsreiche M\u00f6glichkeit, unserem Hobby nachzukommen. Feederangeln, Spinnfischen, Theorieveranstaltungen und viel viel Praxis. Hier sind wir aber immer gl\u00fccklich dar\u00fcber, wenn sich die Eltern an den Events beteiligen. Das f\u00f6rdert den Zusammenhalt, das Verst\u00e4ndnis und bringt auch den [&hellip;]<\/p>\n","protected":false},"author":1,"featured_media":0,"parent":0,"menu_order":1,"comment_status":"closed","ping_status":"closed","template":"elementor_theme","meta":{"site-sidebar-layout":"left-sidebar","site-content-layout":"boxed-container","ast-site-content-layout":"normal-width-container","site-content-style":"boxed","site-sidebar-style":"boxed","ast-global-header-display":"","ast-banner-title-visibility":"","ast-main-header-display":"","ast-hfb-above-header-display":"","ast-hfb-below-header-display":"","ast-hfb-mobile-header-display":"","site-post-title":"disabled","ast-breadcrumbs-content":"","ast-featured-img":"disabled","footer-sml-layout":"","ast-disable-related-posts":"","theme-transparent-header-meta":"default","adv-header-id-meta":"","stick-header-meta":"","header-above-stick-meta":"","header-main-stick-meta":"","header-below-stick-meta":"","astra-migrate-meta-layouts":"set","ast-page-background-enabled":"default","ast-page-background-meta":{"desktop":{"background-color":"var(--ast-global-color-4)","background-image":"","background-repeat":"repeat","background-position":"center center","background-size":"auto","background-attachment":"scroll","background-type":"","background-media":"","overlay-type":"","overlay-color":"","overlay-opacity":"","overlay-gradient":""},"tablet":{"background-color":"","background-image":"","background-repeat":"repeat","background-position":"center center","background-size":"auto","background-attachment":"scroll","background-type":"","background-media":"","overlay-type":"","overlay-color":"","overlay-opacity":"","overlay-gradient":""},"mobile":{"background-color":"","background-image":"","background-repeat":"repeat","background-position":"center center","background-size":"auto","background-attachment":"scroll","background-type":"","background-media":"","overlay-type":"","overlay-color":"","overlay-opacity":"","overlay-gradient":""}},"ast-content-background-meta":{"desktop":{"background-color":"var(--ast-global-color-5)","background-image":"","background-repeat":"repeat","background-position":"center center","background-size":"auto","background-attachment":"scroll","background-type":"","background-media":"","overlay-type":"","overlay-color":"","overlay-opacity":"","overlay-gradient":""},"tablet":{"background-color":"var(--ast-global-color-5)","background-image":"","background-repeat":"repeat","background-position":"center center","background-size":"auto","background-attachment":"scroll","background-type":"","background-media":"","overlay-type":"","overlay-color":"","overlay-opacity":"","overlay-gradient":""},"mobile":{"background-color":"var(--ast-global-color-5)","background-image":"","background-repeat":"repeat","background-position":"center center","background-size":"auto","background-attachment":"scroll","background-type":"","background-media":"","overlay-type":"","overlay-color":"","overlay-opacity":"","overlay-gradient":""}},"footnotes":""},"class_list":["post-77","page","type-page","status-publish","hentry"],"_links":{"self":[{"href":"https:\/\/angelverein-liedolsheim.de\/index.php?rest_route=\/wp\/v2\/pages\/77","targetHints":{"allow":["GET"]}}],"collection":[{"href":"https:\/\/angelverein-liedolsheim.de\/index.php?rest_route=\/wp\/v2\/pages"}],"about":[{"href":"https:\/\/angelverein-liedolsheim.de\/index.php?rest_route=\/wp\/v2\/types\/page"}],"author":[{"embeddable":true,"href":"https:\/\/angelverein-liedolsheim.de\/index.php?rest_route=\/wp\/v2\/users\/1"}],"replies":[{"embeddable":true,"href":"https:\/\/angelverein-liedolsheim.de\/index.php?rest_route=%2Fwp%2Fv2%2Fcomments&post=77"}],"version-history":[{"count":2,"href":"https:\/\/angelverein-liedolsheim.de\/index.php?rest_route=\/wp\/v2\/pages\/77\/revisions"}],"predecessor-version":[{"id":1774,"href":"https:\/\/angelverein-liedolsheim.de\/index.php?rest_route=\/wp\/v2\/pages\/77\/revisions\/1774"}],"wp:attachment":[{"href":"https:\/\/angelverein-liedolsheim.de\/index.php?rest_route=%2Fwp%2Fv2%2Fmedia&parent=77"}],"curies":[{"name":"wp","href":"https:\/\/api.w.org\/{rel}","templated":true}]}}